{"id":63,"date":"2017-03-22T20:45:38","date_gmt":"2017-03-22T19:45:38","guid":{"rendered":"http:\/\/ulrichmack.com\/?page_id=63"},"modified":"2017-09-27T09:29:38","modified_gmt":"2017-09-27T07:29:38","slug":"63-2","status":"publish","type":"page","link":"http:\/\/ulrichmack.com\/?page_id=63","title":{"rendered":"Impressum"},"content":{"rendered":"<h3>Impressum<\/h3>\n<p>\u2026f\u00fcr diese Pr\u00e4sentation ist im Sinne des geltenden Rechtes verantwortlich:<\/p>\n<p>Mareile Mack<br \/>\nGlash\u00fcttenstrasse 28<br \/>\n20357 Hamburg<\/p>\n<p>Haftungshinweis:<\/p>\n<p>trotz sorgf\u00e4ltiger inhaltlicher Kontrolle \u00fcbernehme ich keine Haftung f\u00fcr die inhalte externer Links;<br \/>\nf\u00fcr die Inhalte der verlinkten Seiten sind ausschlie\u00dflich deren Betreiber verantwortlich.<br \/>\nAlle auf dieser Website ver\u00f6ffentlichen Texte, Dateien und Bilder sind urheberrechtlich gesch\u00fctzt.<br \/>\nJede weitere Ver\u00f6ffentlichung, Vervielf\u00e4ltigung, Verbreitung, oder sonstige Nutzung bedarf der<br \/>\nschriftlichen Genehmigung von Mareile Mack.<\/p>\n<p>\u00a9 Ulrich Mack, 2015<br \/>\nall rights reserved, downloading and reproduction of all contents for other than private purposes,<br \/>\nfor distribution and publication, require my prior written consent.<\/p>\n","protected":false},"excerpt":{"rendered":"<p>Impressum \u2026f\u00fcr diese Pr\u00e4sentation ist im Sinne des geltenden Rechtes verantwortlich: Mareile Mack Glash\u00fcttenstrasse 28 20357 Hamburg Haftungshinweis: trotz sorgf\u00e4ltiger inhaltlicher Kontrolle \u00fcbernehme ich keine Haftung f\u00fcr die inhalte externer Links; f\u00fcr die Inhalte der verlinkten Seiten sind ausschlie\u00dflich deren Betreiber verantwortlich. Alle auf dieser Website ver\u00f6ffentlichen Texte, Dateien und Bilder sind urheberrechtlich gesch\u00fctzt. Jede &hellip; <a href=\"http:\/\/ulrichmack.com\/?page_id=63\" class=\"more-link\"><span class=\"screen-reader-text\">Impressum<\/span> weiterlesen<\/a><\/p>\n","protected":false},"author":1,"featured_media":0,"parent":0,"menu_order":0,"comment_status":"closed","ping_status":"closed","template":"","meta":[],"_links":{"self":[{"href":"http:\/\/ulrichmack.com\/index.php?rest_route=\/wp\/v2\/pages\/63"}],"collection":[{"href":"http:\/\/ulrichmack.com\/index.php?rest_route=\/wp\/v2\/pages"}],"about":[{"href":"http:\/\/ulrichmack.com\/index.php?rest_route=\/wp\/v2\/types\/page"}],"author":[{"embeddable":true,"href":"http:\/\/ulrichmack.com\/index.php?rest_route=\/wp\/v2\/users\/1"}],"replies":[{"embeddable":true,"href":"http:\/\/ulrichmack.com\/index.php?rest_route=%2Fwp%2Fv2%2Fcomments&post=63"}],"version-history":[{"count":2,"href":"http:\/\/ulrichmack.com\/index.php?rest_route=\/wp\/v2\/pages\/63\/revisions"}],"predecessor-version":[{"id":363,"href":"http:\/\/ulrichmack.com\/index.php?rest_route=\/wp\/v2\/pages\/63\/revisions\/363"}],"wp:attachment":[{"href":"http:\/\/ulrichmack.com\/index.php?rest_route=%2Fwp%2Fv2%2Fmedia&parent=63"}],"curies":[{"name":"wp","href":"https:\/\/api.w.org\/{rel}","templated":true}]}}